{"id":192,"date":"2018-09-26T17:29:43","date_gmt":"2018-09-26T17:29:43","guid":{"rendered":"https:\/\/renovation.progressionstudios.com\/?page_id=192"},"modified":"2024-10-24T08:44:33","modified_gmt":"2024-10-24T11:44:33","slug":"home","status":"publish","type":"page","link":"https:\/\/geomix.com.ar\/","title":{"rendered":"Home"},"content":{"rendered":"\t\t<div data-elementor-type=\"wp-page\" data-elementor-id=\"192\" class=\"elementor elementor-192\">\n\t\t\t\t\t\t<section class=\"elementor-section elementor-top-section elementor-element elementor-element-71f288ac elementor-section-stretched elementor-section-full_width elementor-section-height-default elementor-section-height-default\" data-id=\"71f288ac\" data-element_type=\"section\" data-settings=\"{&quot;stretch_section&quot;:&quot;section-stretched&quot;}\">\n\t\t\t\t\t\t<div class=\"elementor-container elementor-column-gap-no\">\n\t\t\t\t\t<div class=\"elementor-column elementor-col-100 elementor-top-column elementor-element elementor-element-60513c52\" data-id=\"60513c52\" data-element_type=\"column\">\n\t\t\t<div class=\"elementor-widget-wrap elementor-element-populated\">\n\t\t\t\t\t\t<div class=\"elementor-element elementor-element-2c0edfe elementor-widget__width-initial elementor-widget elementor-widget-shortcode\" data-id=\"2c0edfe\" data-element_type=\"widget\" data-widget_type=\"shortcode.default\">\n\t\t\t\t<div class=\"elementor-widget-container\">\n\t\t\t\t\t<div class=\"elementor-shortcode\">\n\t\t\t\t<p class=\"rs-p-wp-fix\"><\/p>\n\t\t\t\t<sr7-module data-alias=\"slider-1\" data-id=\"2\" id=\"SR7_2_1\" class=\"rs-ov-hidden\" data-version=\"6.7.13\">\n\t\t\t\t\t<sr7-adjuster><\/sr7-adjuster>\n\t\t\t\t\t<sr7-content>\n\t\t\t\t\t\t<sr7-slide id=\"SR7_2_1-8\" data-key=\"8\">\n\t\t\t\t\t\t\t<sr7-bg id=\"SR7_2_1-8-1\" class=\"sr7-layer\"><noscript><img decoding=\"async\" src=\"https:\/\/geomix.com.ar\/wp-content\/uploads\/2024\/09\/slide_3-1.jpg\" alt=\"\" title=\"slide_3\"><\/noscript><\/sr7-bg>\n\t\t\t\t\t\t<\/sr7-slide>\n\t\t\t\t\t\t<sr7-slide id=\"SR7_2_1-4\" data-key=\"4\">\n\t\t\t\t\t\t\t<sr7-bg id=\"SR7_2_1-4-1\" class=\"sr7-layer\"><noscript><img decoding=\"async\" src=\"https:\/\/geomix.com.ar\/wp-content\/uploads\/2024\/09\/slide_1-1.jpg\" alt=\"\" title=\"slide_1\"><\/noscript><\/sr7-bg>\n\t\t\t\t\t\t<\/sr7-slide>\n\t\t\t\t\t\t<sr7-slide id=\"SR7_2_1-7\" data-key=\"7\">\n\t\t\t\t\t\t\t<sr7-bg id=\"SR7_2_1-7-1\" class=\"sr7-layer\"><noscript><img decoding=\"async\" src=\"https:\/\/geomix.com.ar\/wp-content\/uploads\/2024\/09\/slide_2-1.jpg\" alt=\"\" title=\"slide_2\"><\/noscript><\/sr7-bg>\n\t\t\t\t\t\t<\/sr7-slide>\n\t\t\t\t\t\t<sr7-slide id=\"SR7_2_1-9\" data-key=\"9\">\n\t\t\t\t\t\t\t<sr7-bg id=\"SR7_2_1-9-1\" class=\"sr7-layer\"><noscript><img decoding=\"async\" src=\"https:\/\/geomix.com.ar\/wp-content\/uploads\/2024\/10\/slide_4.jpg\" alt=\"\" title=\"slide_4\"><\/noscript><\/sr7-bg>\n\t\t\t\t\t\t<\/sr7-slide>\n\t\t\t\t\t\t<sr7-slide id=\"SR7_2_1-10\" data-key=\"10\">\n\t\t\t\t\t\t\t<sr7-bg id=\"SR7_2_1-10-1\" class=\"sr7-layer\"><noscript><img decoding=\"async\" src=\"https:\/\/geomix.com.ar\/wp-content\/uploads\/2024\/10\/slide_5.jpg\" alt=\"\" title=\"slide_5\"><\/noscript><\/sr7-bg>\n\t\t\t\t\t\t<\/sr7-slide>\n\t\t\t\t\t\t<sr7-slide id=\"SR7_2_1-6\" data-key=\"6\">\n\t\t\t\t\t\t<\/sr7-slide>\n\t\t\t\t\t<\/sr7-content>\n\t\t\t\t\t<image_lists style=\"display:none\">\n\t\t\t\t\t\t<img data-src=\"\/\/geomix.com.ar\/wp-content\/uploads\/2024\/09\/slide_1-1.jpg\" data-libid=\"509\" data-lib=\"medialibrary\" title=\"slide_1\" width=\"0\" height=\"0\" data-dbsrc=\"Ly9nZW9taXguY29tLmFyL3dwLWNvbnRlbnQvdXBsb2Fkcy8yMDI0LzA5L3NsaWRlXzEtMS5qcGc=\"\/>\n\t\t\t\t\t\t<img data-src=\"\/\/geomix.com.ar\/wp-content\/uploads\/2024\/09\/slide_2-1.jpg\" data-libid=\"510\" data-lib=\"medialibrary\" title=\"slide_2\" width=\"0\" height=\"0\" data-dbsrc=\"Ly9nZW9taXguY29tLmFyL3dwLWNvbnRlbnQvdXBsb2Fkcy8yMDI0LzA5L3NsaWRlXzItMS5qcGc=\"\/>\n\t\t\t\t\t\t<img data-src=\"\/\/geomix.com.ar\/wp-content\/uploads\/2024\/09\/slide_3-1.jpg\" data-libid=\"511\" data-lib=\"medialibrary\" title=\"slide_3\" width=\"0\" height=\"0\" data-dbsrc=\"Ly9nZW9taXguY29tLmFyL3dwLWNvbnRlbnQvdXBsb2Fkcy8yMDI0LzA5L3NsaWRlXzMtMS5qcGc=\"\/>\n\t\t\t\t\t\t<img loading=\"lazy\" data-src=\"\/\/geomix.com.ar\/wp-content\/uploads\/2024\/10\/slide_4.jpg\" data-libid=\"845\" data-lib=\"medialibrary\" title=\"slide_4\" width=\"0\" height=\"0\" data-dbsrc=\"Ly9nZW9taXguY29tLmFyL3dwLWNvbnRlbnQvdXBsb2Fkcy8yMDI0LzEwL3NsaWRlXzQuanBn\"\/>\n\t\t\t\t\t\t<img loading=\"lazy\" data-src=\"\/\/geomix.com.ar\/wp-content\/uploads\/2024\/10\/slide_5.jpg\" data-libid=\"1012\" data-lib=\"medialibrary\" title=\"slide_5\" width=\"0\" height=\"0\" data-dbsrc=\"Ly9nZW9taXguY29tLmFyL3dwLWNvbnRlbnQvdXBsb2Fkcy8yMDI0LzEwL3NsaWRlXzUuanBn\"\/>\n\t\t\t\t\t<\/image_lists>\n\t\t\t\t<\/sr7-module>\n\t\t\t\t<script>\n\t\t\t\t\tSR7.PMH ??={}; SR7.PMH[\"SR7_2_1\"] = {cn:0,state:false,fn: function() { if (_tpt!==undefined && _tpt.prepareModuleHeight !== undefined) {  _tpt.prepareModuleHeight({id:\"SR7_2_1\",el:[640,640,768,960,720],type:'standard',shdw:'0',gh:[640,640,529,402,248],gw:[1240,1240,1024,778,480],vpt:['100px'],size:{fullWidth:true, fullHeight:false},mh:'0',onh:0,onw:0,bg:{color:'{\"orig\":\"transparent\",\"type\":\"solid\",\"string\":\"transparent\"}'}});   SR7.PMH[\"SR7_2_1\"].state=true;} else if((SR7.PMH[\"SR7_2_1\"].cn++)<100)\tsetTimeout( SR7.PMH[\"SR7_2_1\"].fn,19);}};SR7.PMH[\"SR7_2_1\" ].fn();\n\t\t\t\t<\/script>\n<\/div>\n\t\t\t\t<\/div>\n\t\t\t\t<\/div>\n\t\t\t\t\t<\/div>\n\t\t<\/div>\n\t\t\t\t\t<\/div>\n\t\t<\/section>\n\t\t\t\t<section class=\"elementor-section elementor-top-section elementor-element elementor-element-6964fe30 elementor-section-stretched elementor-section-boxed elementor-section-height-default elementor-section-height-default\" data-id=\"6964fe30\" data-element_type=\"section\" data-settings=\"{&quot;stretch_section&quot;:&quot;section-stretched&quot;}\">\n\t\t\t\t\t\t<div class=\"elementor-container elementor-column-gap-default\">\n\t\t\t\t\t<div class=\"elementor-column elementor-col-100 elementor-top-column elementor-element elementor-element-72c73052\" data-id=\"72c73052\" data-element_type=\"column\">\n\t\t\t<div class=\"elementor-widget-wrap elementor-element-populated\">\n\t\t\t\t\t\t<section class=\"elementor-section elementor-inner-section elementor-element elementor-element-7f59420c elementor-section-boxed elementor-section-height-default elementor-section-height-default\" data-id=\"7f59420c\" data-element_type=\"section\">\n\t\t\t\t\t\t<div class=\"elementor-container elementor-column-gap-wide\">\n\t\t\t\t\t<div class=\"elementor-column elementor-col-50 elementor-inner-column elementor-element elementor-element-49920f4d\" data-id=\"49920f4d\" data-element_type=\"column\">\n\t\t\t<div class=\"elementor-widget-wrap elementor-element-populated\">\n\t\t\t\t\t\t<div class=\"elementor-element elementor-element-cdb8b04 elementor-widget elementor-widget-image\" data-id=\"cdb8b04\" data-element_type=\"widget\" data-widget_type=\"image.default\">\n\t\t\t\t<div class=\"elementor-widget-container\">\n\t\t\t\t\t\t\t\t\t\t\t\t\t<img loading=\"lazy\" decoding=\"async\" width=\"566\" height=\"263\" src=\"https:\/\/geomix.com.ar\/wp-content\/uploads\/2024\/10\/img_mision-1.jpg\" class=\"attachment-full size-full wp-image-990\" alt=\"\" srcset=\"https:\/\/geomix.com.ar\/wp-content\/uploads\/2024\/10\/img_mision-1.jpg 566w, https:\/\/geomix.com.ar\/wp-content\/uploads\/2024\/10\/img_mision-1-300x139.jpg 300w\" sizes=\"(max-width: 566px) 100vw, 566px\" \/>\t\t\t\t\t\t\t\t\t\t\t\t\t<\/div>\n\t\t\t\t<\/div>\n\t\t\t\t<div class=\"elementor-element elementor-element-3c4e5d2 elementor-widget elementor-widget-heading\" data-id=\"3c4e5d2\" data-element_type=\"widget\" data-widget_type=\"heading.default\">\n\t\t\t\t<div class=\"elementor-widget-container\">\n\t\t\t<h2 class=\"elementor-heading-title elementor-size-default\">NUestra Misi\u00f3n<\/h2>\t\t<\/div>\n\t\t\t\t<\/div>\n\t\t\t\t<div class=\"elementor-element elementor-element-7fc93dbd elementor-widget elementor-widget-text-editor\" data-id=\"7fc93dbd\" data-element_type=\"widget\" data-widget_type=\"text-editor.default\">\n\t\t\t\t<div class=\"elementor-widget-container\">\n\t\t\t\t\t\t\t<p style=\"text-align: center;\">Ofrecer soluciones al mercado de la construcci\u00f3n de la ciudad de Salta y alrededores, brindando productos y servicios de calidad en \u00e1ridos y hormig\u00f3n elaborado.<\/p>\t\t\t\t\t\t<\/div>\n\t\t\t\t<\/div>\n\t\t\t\t\t<\/div>\n\t\t<\/div>\n\t\t\t\t<div class=\"elementor-column elementor-col-50 elementor-inner-column elementor-element elementor-element-684fa87c\" data-id=\"684fa87c\" data-element_type=\"column\">\n\t\t\t<div class=\"elementor-widget-wrap elementor-element-populated\">\n\t\t\t\t\t\t<div class=\"elementor-element elementor-element-72cc2f36 elementor-widget elementor-widget-image\" data-id=\"72cc2f36\" data-element_type=\"widget\" data-widget_type=\"image.default\">\n\t\t\t\t<div class=\"elementor-widget-container\">\n\t\t\t\t\t\t\t\t\t\t\t\t\t<img loading=\"lazy\" decoding=\"async\" width=\"566\" height=\"263\" src=\"https:\/\/geomix.com.ar\/wp-content\/uploads\/2024\/10\/img_cv-1.jpg\" class=\"attachment-full size-full wp-image-989\" alt=\"\" srcset=\"https:\/\/geomix.com.ar\/wp-content\/uploads\/2024\/10\/img_cv-1.jpg 566w, https:\/\/geomix.com.ar\/wp-content\/uploads\/2024\/10\/img_cv-1-300x139.jpg 300w\" sizes=\"(max-width: 566px) 100vw, 566px\" \/>\t\t\t\t\t\t\t\t\t\t\t\t\t<\/div>\n\t\t\t\t<\/div>\n\t\t\t\t<div class=\"elementor-element elementor-element-24bdf9af elementor-widget elementor-widget-heading\" data-id=\"24bdf9af\" data-element_type=\"widget\" data-widget_type=\"heading.default\">\n\t\t\t\t<div class=\"elementor-widget-container\">\n\t\t\t<h2 class=\"elementor-heading-title elementor-size-default\">\u00bfQUER\u00c9S SER PARTE?<\/h2>\t\t<\/div>\n\t\t\t\t<\/div>\n\t\t\t\t<div class=\"elementor-element elementor-element-5a5f78b9 elementor-widget elementor-widget-text-editor\" data-id=\"5a5f78b9\" data-element_type=\"widget\" data-widget_type=\"text-editor.default\">\n\t\t\t\t<div class=\"elementor-widget-container\">\n\t\t\t\t\t\t\t<p style=\"text-align: center;\">\u00a1Sumate a Geomix! Envianos tu C.V.\ny te tendremos en cuenta para nuestra b\u00fasqueda laboral:\n<a href=\"mailto:rrhh@geomix.com.ar\"><font color=\"#F1C706\">rrhh@geomix.com.ar<\/font><\/a><\/p>\t\t\t\t\t\t<\/div>\n\t\t\t\t<\/div>\n\t\t\t\t\t<\/div>\n\t\t<\/div>\n\t\t\t\t\t<\/div>\n\t\t<\/section>\n\t\t\t\t\t<\/div>\n\t\t<\/div>\n\t\t\t\t\t<\/div>\n\t\t<\/section>\n\t\t\t\t<section class=\"elementor-section elementor-top-section elementor-element elementor-element-d2f959b elementor-section-full_width elementor-section-stretched elementor-section-height-default elementor-section-height-default\" data-id=\"d2f959b\" data-element_type=\"section\" data-settings=\"{&quot;background_background&quot;:&quot;classic&quot;,&quot;stretch_section&quot;:&quot;section-stretched&quot;}\">\n\t\t\t\t\t\t<div class=\"elementor-container elementor-column-gap-no\">\n\t\t\t\t\t<div class=\"elementor-column elementor-col-100 elementor-top-column elementor-element elementor-element-9eae13f\" data-id=\"9eae13f\" data-element_type=\"column\" data-settings=\"{&quot;background_background&quot;:&quot;classic&quot;}\">\n\t\t\t<div class=\"elementor-widget-wrap elementor-element-populated\">\n\t\t\t\t\t\t<section class=\"elementor-section elementor-inner-section elementor-element elementor-element-7274981 elementor-section-boxed elementor-section-height-default elementor-section-height-default\" data-id=\"7274981\" data-element_type=\"section\" data-settings=\"{&quot;background_background&quot;:&quot;classic&quot;}\">\n\t\t\t\t\t\t<div class=\"elementor-container elementor-column-gap-default\">\n\t\t\t\t\t<div class=\"elementor-column elementor-col-100 elementor-inner-column elementor-element elementor-element-d4604ce\" data-id=\"d4604ce\" data-element_type=\"column\">\n\t\t\t<div class=\"elementor-widget-wrap elementor-element-populated\">\n\t\t\t\t\t\t<div class=\"elementor-element elementor-element-8cbc584 elementor-widget elementor-widget-heading\" data-id=\"8cbc584\" data-element_type=\"widget\" data-widget_type=\"heading.default\">\n\t\t\t\t<div class=\"elementor-widget-container\">\n\t\t\t<h3 class=\"elementor-heading-title elementor-size-default\">PRODUCTOS Y SERVICIOS DE EXCELENTE CALIDAD<br>CON LA MEJOR RELACI\u00d3N COSTO BENEFICIO DEL MERCADO<\/h3>\t\t<\/div>\n\t\t\t\t<\/div>\n\t\t\t\t<div class=\"elementor-element elementor-element-1994b6b elementor-align-center elementor-widget elementor-widget-button\" data-id=\"1994b6b\" data-element_type=\"widget\" data-widget_type=\"button.default\">\n\t\t\t\t<div class=\"elementor-widget-container\">\n\t\t\t\t\t<div class=\"elementor-button-wrapper\">\n\t\t\t<a class=\"elementor-button elementor-button-link elementor-size-sm\" href=\"https:\/\/api.whatsapp.com\/send?phone=5493876116434&#038;text=Contacto%20Via%20Web.%20Pablo%20Lasquera%20\/%20Seguros%20target=_blank\" target=\"_blank\">\n\t\t\t\t\t\t<span class=\"elementor-button-content-wrapper\">\n\t\t\t\t\t\t<span class=\"elementor-button-icon\">\n\t\t\t\t<svg aria-hidden=\"true\" class=\"e-font-icon-svg e-far-envelope\" viewBox=\"0 0 512 512\" xmlns=\"http:\/\/www.w3.org\/2000\/svg\"><path d=\"M464 64H48C21.49 64 0 85.49 0 112v288c0 26.51 21.49 48 48 48h416c26.51 0 48-21.49 48-48V112c0-26.51-21.49-48-48-48zm0 48v40.805c-22.422 18.259-58.168 46.651-134.587 106.49-16.841 13.247-50.201 45.072-73.413 44.701-23.208.375-56.579-31.459-73.413-44.701C106.18 199.465 70.425 171.067 48 152.805V112h416zM48 400V214.398c22.914 18.251 55.409 43.862 104.938 82.646 21.857 17.205 60.134 55.186 103.062 54.955 42.717.231 80.509-37.199 103.053-54.947 49.528-38.783 82.032-64.401 104.947-82.653V400H48z\"><\/path><\/svg>\t\t\t<\/span>\n\t\t\t\t\t\t\t\t\t<span class=\"elementor-button-text\">Contactanos<\/span>\n\t\t\t\t\t<\/span>\n\t\t\t\t\t<\/a>\n\t\t<\/div>\n\t\t\t\t<\/div>\n\t\t\t\t<\/div>\n\t\t\t\t\t<\/div>\n\t\t<\/div>\n\t\t\t\t\t<\/div>\n\t\t<\/section>\n\t\t\t\t\t<\/div>\n\t\t<\/div>\n\t\t\t\t\t<\/div>\n\t\t<\/section>\n\t\t\t\t<\/div>\n\t\t","protected":false},"excerpt":{"rendered":"<p>NUestra Misi\u00f3n Ofrecer soluciones al mercado de la construcci\u00f3n de la ciudad de Salta y alrededores, brindando productos y servicios de calidad en \u00e1ridos y hormig\u00f3n elaborado. \u00bfQUER\u00c9S SER PARTE? \u00a1Sumate a Geomix! Envianos tu C.V. y te tendremos en cuenta para nuestra b\u00fasqueda laboral: rrhh@geomix.com.ar PRODUCTOS Y SERVICIOS DE EXCELENTE CALIDADCON LA MEJOR RELACI\u00d3N [&hellip;]<\/p>\n","protected":false},"author":1,"featured_media":0,"parent":0,"menu_order":0,"comment_status":"closed","ping_status":"closed","template":"","meta":{"_joinchat":[],"footnotes":""},"class_list":["post-192","page","type-page","status-publish","hentry"],"_links":{"self":[{"href":"https:\/\/geomix.com.ar\/index.php\/wp-json\/wp\/v2\/pages\/192","targetHints":{"allow":["GET"]}}],"collection":[{"href":"https:\/\/geomix.com.ar\/index.php\/wp-json\/wp\/v2\/pages"}],"about":[{"href":"https:\/\/geomix.com.ar\/index.php\/wp-json\/wp\/v2\/types\/page"}],"author":[{"embeddable":true,"href":"https:\/\/geomix.com.ar\/index.php\/wp-json\/wp\/v2\/users\/1"}],"replies":[{"embeddable":true,"href":"https:\/\/geomix.com.ar\/index.php\/wp-json\/wp\/v2\/comments?post=192"}],"version-history":[{"count":160,"href":"https:\/\/geomix.com.ar\/index.php\/wp-json\/wp\/v2\/pages\/192\/revisions"}],"predecessor-version":[{"id":1065,"href":"https:\/\/geomix.com.ar\/index.php\/wp-json\/wp\/v2\/pages\/192\/revisions\/1065"}],"wp:attachment":[{"href":"https:\/\/geomix.com.ar\/index.php\/wp-json\/wp\/v2\/media?parent=192"}],"curies":[{"name":"wp","href":"https:\/\/api.w.org\/{rel}","templated":true}]}}